{"id":437,"date":"2026-01-02T12:11:31","date_gmt":"2026-01-02T12:11:31","guid":{"rendered":"https:\/\/villasafont.com\/politique-relative-aux-cookies\/"},"modified":"2026-03-13T16:20:26","modified_gmt":"2026-03-13T16:20:26","slug":"politique-relative-aux-cookies","status":"publish","type":"page","link":"https:\/\/villasafont.com\/fr\/politique-relative-aux-cookies\/","title":{"rendered":"Politique relative aux cookies"},"content":{"rendered":"\n<h1 class=\"wp-block-heading\">Politique relative aux cookies<\/h1>\n\n<p>Notre site web, <a href=\"https:\/\/villasafont.com\/fr\/\">https:\/\/villasafont.com<\/a> (ci-apr\u00e8s : \u00ab le site web \u00bb), utilise des cookies et autres technologies similaires (d\u00e9sign\u00e9es collectivement par le terme \u00ab cookies \u00bb). Des cookies sont \u00e9galement d\u00e9pos\u00e9s par des tiers avec lesquels nous collaborons. Le pr\u00e9sent document fournit des informations sur l\u2019utilisation des cookies sur notre site web.  <\/p>\n\n<h2 class=\"wp-block-heading\">2. Que sont les cookies ?<\/h2>\n\n<p>Un cookie est un petit fichier envoy\u00e9 avec les pages de ce site web et stock\u00e9 par votre navigateur sur le disque dur de votre ordinateur ou autre appareil. Les informations stock\u00e9es peuvent \u00eatre renvoy\u00e9es \u00e0 nos serveurs ou aux serveurs de tiers concern\u00e9s lors d&rsquo;une visite ult\u00e9rieure. <\/p>\n\n<h2 class=\"wp-block-heading\">3. Que sont les scripts ?<\/h2>\n\n<p>Un script est un fragment de code informatique qui permet \u00e0 notre site web de fonctionner correctement et de mani\u00e8re interactive. Ce code s&rsquo;ex\u00e9cute sur notre serveur ou sur votre appareil. <\/p>\n\n<h2 class=\"wp-block-heading\">4. Qu&rsquo;est-ce qu&rsquo;une balise Web ?<\/h2>\n\n<p>Una baliza web (o una etiqueta de p\u00edxel) es una peque\u00f1a e invisible pieza de texto o imagen en una web que se utiliza para monitorear el tr\u00e1fico en una web. Para ello, se almacenan varios datos sobre usted mediante estas balizas web. <\/p>\n\n<h2 class=\"wp-block-heading\">5. Cookies<\/h2>\n\n<p>5.1 Cookies techniques ou fonctionnels<\/p>\n\n<p>Certains cookies garantissent le bon fonctionnement de certaines parties du site web et la m\u00e9morisation de vos pr\u00e9f\u00e9rences. En d\u00e9posant des cookies fonctionnels, nous facilitons votre navigation. Ainsi, vous n&rsquo;avez pas besoin de saisir plusieurs fois les m\u00eames informations et, par exemple, les articles restent dans votre panier jusqu&rsquo;\u00e0 la validation de votre commande. Nous pouvons d\u00e9poser ces cookies sans votre consentement.   <\/p>\n\n<p>5.2 Cookies de statistiques<\/p>\n\n<p>Nous utilisons des cookies statistiques pour optimiser votre exp\u00e9rience sur notre site web. Ces cookies nous fournissent des informations sur l&rsquo;utilisation du site. Nous vous demandons votre autorisation pour d\u00e9poser des cookies statistiques.  <\/p>\n\n<p>5.3 Cookies publicitaires<\/p>\n\n<p>Ce site web utilise des cookies publicitaires, qui nous permettent de recueillir des informations sur les performances des campagnes. Ces informations sont bas\u00e9es sur un profil que nous cr\u00e9ons \u00e0 partir de votre navigation sur <a href=\"https:\/\/villasafont.com\/fr\/\">https:\/\/villasafont.com<\/a>. Ces cookies vous associent, en tant que visiteur du site, \u00e0 un identifiant unique, mais ils ne cr\u00e9ent pas de profil de vos comportements et centres d&rsquo;int\u00e9r\u00eat afin de vous afficher des publicit\u00e9s personnalis\u00e9es.  <\/p>\n\n<p>5.4 Cookies de marketing\/seguimiento<\/p>\n\n<p>Les cookies de marketing\/suivi sont des cookies, ou toute autre forme de stockage local, utilis\u00e9s pour cr\u00e9er des profils d&rsquo;utilisateurs dans le but d&rsquo;afficher des publicit\u00e9s ou de suivre l&rsquo;utilisateur sur ce site Web ou sur plusieurs sites Web \u00e0 des fins de marketing similaires.<\/p>\n\n<p>Ces cookies \u00e9tant identifi\u00e9s comme des cookies de suivi, nous vous demandons votre autorisation pour les placer.<\/p>\n\n<h2 class=\"wp-block-heading\">6. Cookies utilis\u00e9s<\/h2>\n\n <div class=\"cky-audit-table-element\"><\/div>\n\n<h2 class=\"wp-block-heading\">7. Consent<\/h2>\n\n<p>Lors de votre premi\u00e8re visite sur notre site web, une fen\u00eatre contextuelle vous expliquera l&rsquo;utilisation des cookies. En cliquant sur \u00ab Enregistrer les pr\u00e9f\u00e9rences \u00bb, vous acceptez l&rsquo;utilisation des cat\u00e9gories de cookies et des plugins que vous avez s\u00e9lectionn\u00e9s dans cette fen\u00eatre, conform\u00e9ment \u00e0 la pr\u00e9sente politique relative aux cookies. Vous pouvez d\u00e9sactiver les cookies via votre navigateur, mais veuillez noter que notre site web risque alors de ne plus fonctionner correctement.  <\/p>\n\n<p>7.1 G\u00e9rer vos param\u00e8tres de consentement Fonctionnel Toujours actif<\/p>\n\n<p>Le stockage ou l&rsquo;acc\u00e8s technique est strictement n\u00e9cessaire \u00e0 la finalit\u00e9 l\u00e9gitime de permettre l&rsquo;utilisation d&rsquo;un service sp\u00e9cifique express\u00e9ment demand\u00e9 par l&rsquo;abonn\u00e9 ou l&rsquo;utilisateur, ou \u00e0 la seule fin d&rsquo;effectuer la transmission d&rsquo;une communication sur un r\u00e9seau de communications \u00e9lectroniques.<\/p>\n\n<p>Espace de stockage ou acc\u00e8s technique utilis\u00e9 exclusivement \u00e0 des fins statistiques. Marketing<\/p>\n\n<p>L&rsquo;acc\u00e8s au stockage ou l&rsquo;acc\u00e8s technique sont n\u00e9cessaires pour cr\u00e9er des profils d&rsquo;utilisateurs \u00e0 des fins d&rsquo;envoi de publicit\u00e9s, ou pour suivre l&rsquo;utilisateur sur un ou plusieurs sites web \u00e0 des fins marketing similaires.<\/p>\n\n<h2 class=\"wp-block-heading\">8. Activation\/d\u00e9sactivation et suppression des cookies<\/h2>\n\n<p>Vous pouvez utiliser votre navigateur internet pour supprimer les cookies automatiquement ou manuellement. Vous pouvez \u00e9galement interdire le d\u00e9p\u00f4t de certains cookies. Une autre option consiste \u00e0 modifier les param\u00e8tres de votre navigateur afin de recevoir une notification \u00e0 chaque d\u00e9p\u00f4t de cookie. Pour plus d&rsquo;informations sur ces options, consultez l&rsquo;aide de votre navigateur.   <\/p>\n\n<p>Veuillez noter que notre site web risque de ne pas fonctionner correctement si tous les cookies sont d\u00e9sactiv\u00e9s. Si vous supprimez les cookies de votre navigateur, ils seront r\u00e9install\u00e9s apr\u00e8s votre consentement lors de votre prochaine visite sur notre site. <\/p>\n\n<h2 class=\"wp-block-heading\">9. Vos droits concernant les donn\u00e9es personnelles<\/h2>\n\n<p>Vous disposez des droits suivants concernant vos donn\u00e9es personnelles :<\/p>\n\n<ul class=\"wp-block-list\">\n<li>Vous avez le droit de savoir pourquoi vos donn\u00e9es personnelles sont n\u00e9cessaires, ce qu&rsquo;il adviendra de ces donn\u00e9es et combien de temps elles seront conserv\u00e9es.<\/li>\n\n\n\n<li>Droit d&rsquo;acc\u00e8s : Vous avez le droit d&rsquo;acc\u00e9der \u00e0 vos donn\u00e9es personnelles que nous d\u00e9tenons.<\/li>\n\n\n\n<li>Derecho de rectificaci\u00f3n: tienes derecho a completar, rectificar, borrar o bloquear tus datos personales cuando lo desees.<\/li>\n\n\n\n<li>Si vous nous donnez votre consentement pour le traitement de vos donn\u00e9es, vous avez le droit de retirer ce consentement et de demander la suppression de vos donn\u00e9es personnelles.<\/li>\n\n\n\n<li>Droit \u00e0 la portabilit\u00e9 des donn\u00e9es : vous avez le droit de demander au responsable du traitement de r\u00e9cup\u00e9rer l\u2019int\u00e9gralit\u00e9 de vos donn\u00e9es personnelles et de les transf\u00e9rer int\u00e9gralement \u00e0 un autre responsable du traitement.<\/li>\n\n\n\n<li>Droit d\u2019opposition : Vous pouvez vous opposer au traitement de vos donn\u00e9es. Nous respectons ce droit, sauf s\u2019il existe des motifs l\u00e9gitimes justifiant le traitement. <\/li>\n<\/ul>\n\n<p>Pour exercer ces droits, veuillez nous contacter. Vous trouverez nos coordonn\u00e9es au bas de la pr\u00e9sente politique relative aux cookies. Si vous avez des r\u00e9clamations concernant le traitement de vos donn\u00e9es, nous vous serions reconnaissants de nous en informer. Vous avez \u00e9galement le droit de d\u00e9poser une plainte aupr\u00e8s de l&rsquo;autorit\u00e9 de contr\u00f4le comp\u00e9tente (la Commission nationale de l&rsquo;informatique et des libert\u00e9s).  <\/p>\n\n<h2 class=\"wp-block-heading\">10. Coordonn\u00e9es<\/h2>\n\n<p>Pour toute question ou tout commentaire concernant notre politique en mati\u00e8re de cookies et la pr\u00e9sente d\u00e9claration, veuillez nous contacter en utilisant les coordonn\u00e9es suivantes :<\/p>\n\n<p>Finca Can Miquelet S.L.<br\/>Paseo de la Castellana, 144, 14 B, 28046 Madrid, Espagne.<br\/><br\/>Site Web : <a href=\"https:\/\/villasafont.com\/fr\/\">https:\/\/villasafont.com<\/a><br\/>Courriel : reservas@can-miquelet.com<\/p>\n","protected":false},"excerpt":{"rendered":"<p>Politique relative aux cookies Notre site web, https:\/\/villasafont.com (ci-apr\u00e8s : \u00ab le site web \u00bb), utilise des cookies et autres technologies similaires (d\u00e9sign\u00e9es collectivement par le terme \u00ab cookies \u00bb). Des cookies sont \u00e9galement d\u00e9pos\u00e9s par des tiers avec lesquels nous collaborons. Le pr\u00e9sent document fournit des informations sur l\u2019utilisation des cookies sur notre site [&hellip;]<\/p>\n","protected":false},"author":1,"featured_media":0,"parent":0,"menu_order":0,"comment_status":"closed","ping_status":"closed","template":"","meta":{"_acf_changed":false,"footnotes":""},"class_list":["post-437","page","type-page","status-publish","hentry"],"acf":[],"_links":{"self":[{"href":"https:\/\/villasafont.com\/fr\/wp-json\/wp\/v2\/pages\/437","targetHints":{"allow":["GET"]}}],"collection":[{"href":"https:\/\/villasafont.com\/fr\/wp-json\/wp\/v2\/pages"}],"about":[{"href":"https:\/\/villasafont.com\/fr\/wp-json\/wp\/v2\/types\/page"}],"author":[{"embeddable":true,"href":"https:\/\/villasafont.com\/fr\/wp-json\/wp\/v2\/users\/1"}],"replies":[{"embeddable":true,"href":"https:\/\/villasafont.com\/fr\/wp-json\/wp\/v2\/comments?post=437"}],"version-history":[{"count":1,"href":"https:\/\/villasafont.com\/fr\/wp-json\/wp\/v2\/pages\/437\/revisions"}],"predecessor-version":[{"id":438,"href":"https:\/\/villasafont.com\/fr\/wp-json\/wp\/v2\/pages\/437\/revisions\/438"}],"wp:attachment":[{"href":"https:\/\/villasafont.com\/fr\/wp-json\/wp\/v2\/media?parent=437"}],"curies":[{"name":"wp","href":"https:\/\/api.w.org\/{rel}","templated":true}]}}