{"id":139,"date":"2026-01-02T12:11:31","date_gmt":"2026-01-02T12:11:31","guid":{"rendered":"https:\/\/villasafont.com\/cookie-richtlinie\/"},"modified":"2026-01-10T16:06:12","modified_gmt":"2026-01-10T16:06:12","slug":"cookie-richtlinie","status":"publish","type":"page","link":"https:\/\/villasafont.com\/de\/cookie-richtlinie\/","title":{"rendered":"Cookie-Richtlinie"},"content":{"rendered":"\n<h1 class=\"wp-block-heading\">Cookie-Richtlinie<\/h1>\n\n<p>Unsere Website, <a href=\"https:\/\/villasafont.com\/de\/\">https:\/\/villasafont.com<\/a> (nachfolgend: \u201edie Website\u201c), verwendet Cookies und \u00e4hnliche Technologien (der Einfachheit halber werden alle Technologien als \u201eCookies\u201c bezeichnet). Cookies werden auch von Drittanbietern gesetzt, die wir beauftragt haben. Im folgenden Dokument informieren wir Sie \u00fcber die Verwendung von Cookies auf unserer Website.<\/p>\n\n<h2 class=\"wp-block-heading\">2. Was sind Cookies?<\/h2>\n\n<p>Ein Cookie ist eine kleine Datei, die zusammen mit Seiten dieser Website gesendet und von Ihrem Browser auf der Festplatte Ihres Computers oder eines anderen Ger\u00e4ts gespeichert wird. Die gespeicherten Informationen k\u00f6nnen bei einem sp\u00e4teren Besuch an unsere Server oder an entsprechende Server von Drittanbietern zur\u00fcckgesendet werden. <\/p>\n\n<h2 class=\"wp-block-heading\">3. Was sind Skripte?<\/h2>\n\n<p>Ein Skript ist ein St\u00fcck Programmcode, das daf\u00fcr sorgt, dass unsere Website korrekt und interaktiv funktioniert. Dieser Code wird auf unserem Server oder auf Ihrem Ger\u00e4t ausgef\u00fchrt. <\/p>\n\n<h2 class=\"wp-block-heading\">4. Was ist ein Web Beacon?<\/h2>\n\n<p>Ein Web-Beacon (oder Pixel-Tag) ist ein kleines, unsichtbares Text- oder Bildelement auf einer Website, das zur \u00dcberwachung des Webverkehrs dient. Mithilfe dieser Web-Beacons werden verschiedene Daten \u00fcber Sie gespeichert. <\/p>\n\n<h2 class=\"wp-block-heading\">5. Cookies<\/h2>\n\n<p>5.1 Technische oder funktionale Cookies<\/p>\n\n<p>Einige Cookies gew\u00e4hrleisten die korrekte Funktion bestimmter Bereiche unserer Website und speichern Ihre Nutzereinstellungen. Durch das Setzen funktionaler Cookies erleichtern wir Ihnen den Besuch unserer Website. So m\u00fcssen Sie beispielsweise nicht bei jedem Besuch dieselben Informationen erneut eingeben, und Artikel in Ihrem Warenkorb bleiben bis zum Abschluss des Kaufs erhalten. Diese Cookies d\u00fcrfen wir ohne Ihre Einwilligung setzen.   <\/p>\n\n<p>5.2 Statistik-Cookies<\/p>\n\n<p>Wir verwenden Statistik-Cookies, um die Website f\u00fcr unsere Nutzer zu optimieren. Diese Cookies liefern uns Informationen \u00fcber die Website-Nutzung. Wir bitten Sie um Ihre Zustimmung zur Verwendung von Statistik-Cookies.  <\/p>\n\n<p>5.3 Werbe-Cookies<\/p>\n\n<p>Diese Website verwendet Werbe-Cookies, die es uns erm\u00f6glichen, Informationen \u00fcber die Leistung von Kampagnen zu sammeln. Dies basiert auf einem Profil, das wir anhand Ihres Verhaltens auf <a href=\"https:\/\/villasafont.com\/de\/\">https:\/\/villasafont.com<\/a> erstellen. Diese Cookies ordnen Ihnen als Website-Besucher eine eindeutige ID zu, erstellen aber kein Profil Ihres Verhaltens und Ihrer Interessen, um Ihnen personalisierte Werbung anzuzeigen.  <\/p>\n\n<p>5.4 Marketing-\/Tracking-Cookies<\/p>\n\n<p>Marketing-\/Tracking-Cookies sind Cookies oder andere Formen der lokalen Speicherung, die dazu verwendet werden, Benutzerprofile zu erstellen, um Werbung anzuzeigen oder den Benutzer auf dieser Website oder auf mehreren Websites f\u00fcr \u00e4hnliche Marketingzwecke zu verfolgen.<\/p>\n\n<p>Da diese Cookies als Tracking-Cookies gekennzeichnet sind, bitten wir Sie um Ihre Zustimmung, sie zu platzieren.<\/p>\n\n<h2 class=\"wp-block-heading\">6. Verwendete Cookies<\/h2>\n\n <div class=\"cky-audit-table-element\"><\/div>\n\n<h2 class=\"wp-block-heading\">7. Einwilligung<\/h2>\n\n<p>Wenn Sie unsere Website zum ersten Mal besuchen, erscheint ein Pop-up-Fenster mit Informationen zu Cookies. Sobald Sie auf \u201eEinstellungen speichern\u201c klicken, stimmen Sie der Verwendung der von Ihnen im Pop-up-Fenster ausgew\u00e4hlten Cookie-Kategorien und -Plugins gem\u00e4\u00df dieser Cookie-Richtlinie zu. Sie k\u00f6nnen die Verwendung von Cookies in Ihrem Browser deaktivieren. Beachten Sie jedoch, dass unsere Website dann m\u00f6glicherweise nicht mehr ordnungsgem\u00e4\u00df funktioniert.  <\/p>\n\n<p>7.1 Verwalten Sie Ihre Einwilligungseinstellungen Funktional Immer aktiv<\/p>\n\n<p>Die Speicherung oder der technische Zugriff ist zwingend erforderlich, um die Nutzung eines vom Abonnenten oder Benutzer ausdr\u00fccklich angeforderten Dienstes zu erm\u00f6glichen oder um die \u00dcbertragung einer Nachricht \u00fcber ein elektronisches Kommunikationsnetz durchzuf\u00fchren.<\/p>\n\n<p>Speicherung oder technischer Zugriff, der ausschlie\u00dflich f\u00fcr statistische Zwecke genutzt wird. Marketing<\/p>\n\n<p>Zur Erstellung von Nutzerprofilen f\u00fcr den Versand von Werbung oder zur Verfolgung des Nutzers \u00fcber eine oder mehrere Websites hinweg f\u00fcr \u00e4hnliche Marketingzwecke ist Speicherplatz oder technischer Zugriff erforderlich.<\/p>\n\n<h2 class=\"wp-block-heading\">8. Aktivierung\/Deaktivierung und L\u00f6schung von Cookies<\/h2>\n\n<p>Sie k\u00f6nnen Cookies in Ihrem Internetbrowser automatisch oder manuell l\u00f6schen. Sie k\u00f6nnen auch festlegen, dass bestimmte Cookies nicht gespeichert werden d\u00fcrfen. Alternativ k\u00f6nnen Sie Ihre Browsereinstellungen so \u00e4ndern, dass Sie jedes Mal eine Benachrichtigung erhalten, wenn ein Cookie gespeichert wird. Weitere Informationen zu diesen Optionen finden Sie in der Hilfe Ihres Browsers.   <\/p>\n\n<p>Bitte beachten Sie, dass unsere Website m\u00f6glicherweise nicht ordnungsgem\u00e4\u00df funktioniert, wenn alle Cookies deaktiviert sind. Wenn Sie Cookies in Ihrem Browser l\u00f6schen, werden diese beim n\u00e4chsten Besuch unserer Website nach Ihrer Zustimmung erneut gesetzt. <\/p>\n\n<h2 class=\"wp-block-heading\">9. Ihre Rechte in Bezug auf personenbezogene Daten<\/h2>\n\n<p>Sie haben folgende Rechte hinsichtlich Ihrer personenbezogenen Daten:<\/p>\n\n<ul class=\"wp-block-list\">\n<li>Sie haben das Recht zu erfahren, warum Ihre personenbezogenen Daten ben\u00f6tigt werden, was mit ihnen geschieht und wie lange sie aufbewahrt werden.<\/li>\n\n\n\n<li>Auskunftsrecht: Sie haben das Recht, Auskunft \u00fcber Ihre bei uns gespeicherten personenbezogenen Daten zu erhalten.<\/li>\n\n\n\n<li>Auskunftsrecht: Sie haben das Recht, Auskunft \u00fcber Ihre bei uns gespeicherten personenbezogenen Daten zu erhalten.<\/li>\n\n\n\n<li>Wenn Sie uns Ihre Einwilligung zur Verarbeitung Ihrer Daten erteilen, haben Sie das Recht, diese Einwilligung zu widerrufen und Ihre personenbezogenen Daten l\u00f6schen zu lassen.<\/li>\n\n\n\n<li>Recht auf Daten\u00fcbertragbarkeit: Sie haben das Recht, alle Ihre personenbezogenen Daten vom Verantwortlichen anzufordern und diese vollst\u00e4ndig an einen anderen Verantwortlichen zu \u00fcbertragen.<\/li>\n\n\n\n<li>Widerspruchsrecht: Sie k\u00f6nnen der Verarbeitung Ihrer Daten widersprechen. Wir respektieren diesen Widerspruch, es sei denn, es liegen berechtigte Gr\u00fcnde f\u00fcr die Verarbeitung vor. <\/li>\n<\/ul>\n\n<p>Um diese Rechte auszu\u00fcben, kontaktieren Sie uns bitte. Die Kontaktdaten finden Sie am Ende dieser Cookie-Richtlinie. Sollten Sie Beschwerden bez\u00fcglich der Verarbeitung Ihrer Daten haben, w\u00fcrden wir uns freuen, wenn Sie uns dies mitteilen. Sie haben jedoch auch das Recht, eine Beschwerde bei der zust\u00e4ndigen Aufsichtsbeh\u00f6rde (der Datenschutzbeh\u00f6rde) einzureichen.  <\/p>\n\n<h2 class=\"wp-block-heading\">10. Kontaktdaten<\/h2>\n\n<p>Bei Fragen und\/oder Anmerkungen zu unserer Cookie-Richtlinie und dieser Erkl\u00e4rung kontaktieren Sie uns bitte unter den folgenden Kontaktdaten:<\/p>\n\n<p>Finca Can Miquelet S.L.<br\/>Paseo de la Castellana, 144, 14 B, 28046 Madrid, Spanien.<br\/>Website:<a href=\"https:\/\/villasafont.com\/de\/\"> https:\/\/villasafont.com<\/a><br\/>E-Mail: reservas@can-miquelet.com<\/p>\n","protected":false},"excerpt":{"rendered":"<p>Cookie-Richtlinie Unsere Website, https:\/\/villasafont.com (nachfolgend: \u201edie Website\u201c), verwendet Cookies und \u00e4hnliche Technologien (der Einfachheit halber werden alle Technologien als \u201eCookies\u201c bezeichnet). Cookies werden auch von Drittanbietern gesetzt, die wir beauftragt haben. Im folgenden Dokument informieren wir Sie \u00fcber die Verwendung von Cookies auf unserer Website. 2. Was sind Cookies? Ein Cookie ist eine kleine Datei, [&hellip;]<\/p>\n","protected":false},"author":1,"featured_media":0,"parent":0,"menu_order":0,"comment_status":"closed","ping_status":"closed","template":"","meta":{"_acf_changed":false,"footnotes":""},"class_list":["post-139","page","type-page","status-publish","hentry"],"acf":[],"_links":{"self":[{"href":"https:\/\/villasafont.com\/de\/wp-json\/wp\/v2\/pages\/139","targetHints":{"allow":["GET"]}}],"collection":[{"href":"https:\/\/villasafont.com\/de\/wp-json\/wp\/v2\/pages"}],"about":[{"href":"https:\/\/villasafont.com\/de\/wp-json\/wp\/v2\/types\/page"}],"author":[{"embeddable":true,"href":"https:\/\/villasafont.com\/de\/wp-json\/wp\/v2\/users\/1"}],"replies":[{"embeddable":true,"href":"https:\/\/villasafont.com\/de\/wp-json\/wp\/v2\/comments?post=139"}],"version-history":[{"count":2,"href":"https:\/\/villasafont.com\/de\/wp-json\/wp\/v2\/pages\/139\/revisions"}],"predecessor-version":[{"id":145,"href":"https:\/\/villasafont.com\/de\/wp-json\/wp\/v2\/pages\/139\/revisions\/145"}],"wp:attachment":[{"href":"https:\/\/villasafont.com\/de\/wp-json\/wp\/v2\/media?parent=139"}],"curies":[{"name":"wp","href":"https:\/\/api.w.org\/{rel}","templated":true}]}}