{"id":124,"date":"2025-12-24T17:00:13","date_gmt":"2025-12-24T17:00:13","guid":{"rendered":"https:\/\/villasafont.com\/rechtliche-hinweise-und-datenschutzrichtlinie\/"},"modified":"2026-01-10T16:04:58","modified_gmt":"2026-01-10T16:04:58","slug":"rechtliche-hinweise-und-datenschutzrichtlinie","status":"publish","type":"page","link":"https:\/\/villasafont.com\/de\/rechtliche-hinweise-und-datenschutzrichtlinie\/","title":{"rendered":"Rechtliche Hinweise und Datenschutzrichtlinie"},"content":{"rendered":"\n<h1 class=\"wp-block-heading\">Rechtliche Hinweise und Datenschutzrichtlinie<\/h1>\n\n<p>Gem\u00e4\u00df der Informationspflicht nach Artikel 10 des Gesetzes 34\/2002 vom 11. Juli \u00fcber Dienste der Informationsgesellschaft und des elektronischen Gesch\u00e4ftsverkehrs (LSSICE) informiert Sie der Website-Betreiber \u00fcber Folgendes:<\/p>\n\n<ul class=\"wp-block-list\">\n<li>Firmenname: ART2LIVE, S.L.<\/li>\n\n\n\n<li>NIF: B57313926<\/li>\n\n\n\n<li>Adresse: Paseo De La Castellana, Nr. 144, 14-b, 28046 \u2013 Madrid (Madrid)<\/li>\n<\/ul>\n\n<p>Eingetragen im Handelsregister von Madrid in Band 34208, Blatt 57, Abschnitt 8, Blattnummer M-615391, Eintrag 1<\/p>\n\n<p>Im Rahmen der gesetzlichen Bestimmungen \u00fcbernimmt ART2LIVE, S.L. keine Haftung f\u00fcr die fehlende Richtigkeit, Vollst\u00e4ndigkeit, Aktualit\u00e4t oder Genauigkeit der auf ihren Webseiten enthaltenen Daten oder Informationen.<\/p>\n\n<p>Im Rahmen der gesetzlichen Bestimmungen \u00fcbernimmt ART2LIVE, S.L. keine Haftung f\u00fcr die fehlende Richtigkeit, Vollst\u00e4ndigkeit, Aktualit\u00e4t oder Genauigkeit der auf ihren Webseiten enthaltenen Daten oder Informationen.<\/p>\n\n<p>Die Website von ART2LIVE, S.L. kann Links zu Websites Dritter enthalten, auf die ART2LIVE, S.L. keinen Einfluss hat. Daher \u00fcbernimmt ART2LIVE, S.L. keine Verantwortung f\u00fcr die Inhalte von Websites Dritter. <\/p>\n\n<p>Die Texte, Bilder, T\u00f6ne, Animationen, Software und alle anderen Inhalte dieser Website sind ausschlie\u00dfliches Eigentum von ART2LIVE, S.L. oder deren Lizenzgebern. Jegliche \u00dcbertragung, Verbreitung, Weitergabe, Vervielf\u00e4ltigung, Speicherung oder \u00f6ffentliche Wiedergabe, ob ganz oder teilweise, bedarf der ausdr\u00fccklichen Zustimmung von ART2LIVE, S.L. <\/p>\n\n<p>Um einige der von ART2LIVE, S.L. \u00fcber die Website angebotenen Dienste nutzen zu k\u00f6nnen, m\u00fcssen Sie bestimmte personenbezogene Daten angeben. Gem\u00e4\u00df der Verordnung (EU) 2016\/679 des Europ\u00e4ischen Parlaments und des Rates vom 27. April 2016 zum Schutz nat\u00fcrlicher Personen bei der Verarbeitung personenbezogener Daten, zum freien Datenverkehr und zur Aufhebung der Datenschutzrichtlinie informieren wir Sie dar\u00fcber, dass Ihre personenbezogenen Daten durch das Ausf\u00fcllen dieser Formulare in die Dateien von ART2LIVE, S.L. aufgenommen und dort verarbeitet werden, um Ihnen unsere Dienste bereitzustellen und Sie \u00fcber Website-Verbesserungen zu informieren. <\/p>\n\n<p>Wir informieren Sie au\u00dferdem dar\u00fcber, dass Sie jederzeit die M\u00f6glichkeit haben, Ihre Rechte auf Auskunft, Berichtigung, L\u00f6schung, Widerspruch, Einschr\u00e4nkung der Verarbeitung und \u00dcbertragbarkeit Ihrer personenbezogenen Daten kostenlos per E-Mail an: <a href=\"mailto:administracion@art2live.es\">administracion@art2live.es<\/a> oder an die Adresse: Paseo De La Castellana, N\u00ba 144, 14-b, 28046 \u2013 Madrid (Madrid) auszu\u00fcben.<\/p>\n\n<h3 class=\"wp-block-heading\">Datenschutzrichtlinie<\/h3>\n\n<p>ART2LIVE, S.L. informiert in \u00dcbereinstimmung mit den geltenden Vorschriften zum Schutz personenbezogener Daten dar\u00fcber, dass die \u00fcber die Formulare auf der Website <a href=\"https:\/\/villasafont.com\/de\/\">https:\/\/villasafont.com<\/a> erhobenen personenbezogenen Daten in den spezifischen automatisierten Dateien der Nutzer der Dienste von ART2LIVE, S.L. enthalten sind.<\/p>\n\n<p>Die Erhebung und automatisierte Verarbeitung personenbezogener Daten dient der Aufrechterhaltung der Gesch\u00e4ftsbeziehung und der Durchf\u00fchrung von Informations-, Schulungs-, Beratungs- und anderen Aktivit\u00e4ten, die spezifisch f\u00fcr ART2LIVE, S.L. sind.<\/p>\n\n<p>Diese Daten werden nur an diejenigen Stellen weitergegeben, die ausschlie\u00dflich zur Erf\u00fcllung des oben genannten Zwecks erforderlich sind.<\/p>\n\n<p>ART2LIVE, S.L. ergreift die notwendigen Ma\u00dfnahmen, um die Sicherheit, Integrit\u00e4t und Vertraulichkeit der Daten gem\u00e4\u00df den Bestimmungen der Verordnung (EU) 2016\/679 des Europ\u00e4ischen Parlaments und des Rates vom 27. April 2016 zum Schutz nat\u00fcrlicher Personen bei der Verarbeitung personenbezogener Daten, zum freien Datenverkehr und zur Aufhebung des fr\u00fcheren LOPD sowie des neuen Organgesetzes 3\/2018 vom 5. Dezember \u00fcber den Datenschutz und die Gew\u00e4hrleistung digitaler Rechte (LOPDGDD) zu gew\u00e4hrleisten.<\/p>\n\n<p>Der Nutzer kann jederzeit seine in der oben genannten Verordnung (EU) anerkannten Rechte auf Auskunft, Widerspruch, Berichtigung, L\u00f6schung, Einschr\u00e4nkung der Verarbeitung und Daten\u00fcbertragbarkeit aus\u00fcben. Diese Rechte k\u00f6nnen durch eine E-Mail an administracion@art2live.es oder schriftlich an folgende Adresse geltend gemacht werden: Paseo De La Castellana, N\u00ba 144, 14-b, C.P. 28046 \u2013 Madrid (Madrid). <\/p>\n\n<p>Der Nutzer erkl\u00e4rt, dass alle von ihm angegebenen Daten wahrheitsgem\u00e4\u00df und korrekt sind, und verpflichtet sich, diese stets auf dem neuesten Stand zu halten und ART2LIVE, S.L. alle \u00c4nderungen mitzuteilen.<\/p>\n\n<p>Zweck der Verarbeitung personenbezogener Daten:<\/p>\n\n<p>Zu welchem \u200b\u200bZweck verarbeiten wir Ihre personenbezogenen Daten?<\/p>\n\n<p>Bei ART2LIVE, S.L. verarbeiten wir Ihre \u00fcber die Website https:\/\/villasafont.com erhobenen personenbezogenen Daten zu folgenden Zwecken:<\/p>\n\n<ol class=\"wp-block-list\">\n<li>Um Dienstleistungen gem\u00e4\u00df den besonderen Bed\u00fcrfnissen der Kunden zu erbringen und die mit ihnen abgeschlossenen Vertr\u00e4ge zu erf\u00fcllen.<\/li>\n\n\n\n<li>Stellen Sie die vom Nutzer \u00fcber das Kontaktformular angeforderten Informationen bereit.<\/li>\n<\/ol>\n\n<p>Wir weisen Sie darauf hin, dass Sie dem Erhalt kommerzieller Mitteilungen jederzeit und auf jede Art und Weise widersprechen k\u00f6nnen, indem Sie eine E-Mail an die oben angegebene Adresse senden.<\/p>\n\n<p>Die Felder in diesen Datens\u00e4tzen sind Pflichtfelder; ohne diese Daten k\u00f6nnen die genannten Ziele nicht erreicht werden.<\/p>\n\n<p>Wie lange werden die erhobenen personenbezogenen Daten aufbewahrt?<\/p>\n\n<p>Die angegebenen personenbezogenen Daten werden so lange gespeichert, wie die Gesch\u00e4ftsbeziehung besteht oder bis Sie deren L\u00f6schung verlangen, sowie f\u00fcr den Zeitraum, f\u00fcr den sich aus den erbrachten Dienstleistungen rechtliche Verpflichtungen ergeben k\u00f6nnen.<\/p>\n\n<p>Legitimation:<\/p>\n\n<p>Ihre Daten werden auf Grundlage der folgenden Rechtsgrundlagen verarbeitet, die diese Verarbeitung legitimieren:<\/p>\n\n<ol class=\"wp-block-list\">\n<li>Die Anfrage nach Informationen und\/oder die Beauftragung von Dienstleistungen der ART2LIVE, S.L., deren Gesch\u00e4ftsbedingungen Ihnen in jedem Fall vor einem m\u00f6glichen Vertragsabschluss zur Verf\u00fcgung gestellt werden.<\/li>\n\n\n\n<li>Freie, spezifische, informierte und unmissverst\u00e4ndliche Einwilligung, wie wir Sie durch die Bereitstellung dieser Datenschutzrichtlinie informieren, die Sie nach dem Lesen, wenn Sie damit einverstanden sind, durch eine Erkl\u00e4rung oder eine eindeutige best\u00e4tigende Handlung, wie z. B. das Ankreuzen eines hierf\u00fcr vorgesehenen K\u00e4stchens, annehmen k\u00f6nnen.<\/li>\n<\/ol>\n\n<p>Wenn Sie uns Ihre Daten nicht zur Verf\u00fcgung stellen oder diese unrichtig oder unvollst\u00e4ndig angeben, k\u00f6nnen wir Ihre Anfrage nicht bearbeiten, sodass es uns unm\u00f6glich ist, Ihnen die angeforderten Informationen bereitzustellen oder den Dienstleistungsvertrag abzuschlie\u00dfen.<\/p>\n\n<p>Empf\u00e4nger:<\/p>\n\n<p>Die Daten werden nicht an Dritte au\u00dferhalb von ART2LIVE, S.L. weitergegeben, es sei denn, dies ist gesetzlich vorgeschrieben.<\/p>\n\n<p>Daten, die von Nutzern der Dienste erhoben werden<\/p>\n\n<p>Sofern der Nutzer Dateien mit personenbezogenen Daten auf gemeinsam genutzten Hosting-Servern speichert, ist ART2LIVE, S.L. nicht f\u00fcr die Nichteinhaltung der DSGVO durch den Nutzer verantwortlich.<\/p>\n\n<p>Geistige Eigentumsrechte https:\/\/villasafont.com<\/p>\n\n<p>ART2LIVE, S.L. besitzt alle Urheberrechte, geistigen Eigentumsrechte, gewerblichen Eigentumsrechte, das \u201eKnow-how\u201c und alle anderen Rechte in Bezug auf den Inhalt der Website https:\/\/villasafont.com und die darauf angebotenen Dienstleistungen sowie die f\u00fcr deren Umsetzung notwendigen Programme und die dazugeh\u00f6rigen Informationen.<\/p>\n\n<p>Die Vervielf\u00e4ltigung, Ver\u00f6ffentlichung und\/oder Nutzung der Inhalte der Website https:\/\/villasafont.com, weder ganz noch teilweise, ist ohne vorherige schriftliche Zustimmung nicht gestattet, au\u00dfer f\u00fcr den rein privaten Gebrauch.<\/p>\n\n<p>Software-geistiges Eigentum<\/p>\n\n<p>Der Nutzer muss die ihm von ART2LIVE, S.L. zur Verf\u00fcgung gestellten Drittanbieterprogramme respektieren, auch wenn diese kostenlos und\/oder \u00f6ffentlich zug\u00e4nglich sind.<\/p>\n\n<p>ART2LIVE, S.L. besitzt die notwendigen Verwertungs- und Urheberrechte an der Software.<\/p>\n\n<p>Der Nutzer erwirbt weder Rechte noch Lizenzen an der vertraglich vereinbarten Dienstleistung, an der f\u00fcr die Erbringung der Dienstleistung erforderlichen Software noch an den technischen Informationen zur \u00dcberwachung der Dienstleistung, au\u00dfer den Rechten und Lizenzen, die f\u00fcr die Erf\u00fcllung der vertraglich vereinbarten Dienstleistungen erforderlich sind, und zwar nur f\u00fcr die Dauer des Vertrags.<\/p>\n\n<p>F\u00fcr jede Handlung, die \u00fcber den Rahmen des Vertrags hinausgeht, ben\u00f6tigt der Nutzer eine schriftliche Genehmigung von ART2LIVE, S.L. Es ist dem Nutzer untersagt, auf die Konfiguration, Struktur und Dateien der Server von ART2LIVE, S.L. zuzugreifen, diese zu \u00e4ndern oder einzusehen. Der Nutzer \u00fcbernimmt die zivil- und strafrechtliche Haftung f\u00fcr alle Vorf\u00e4lle, die auf den Servern und Sicherheitssystemen als direkte Folge fahrl\u00e4ssigen oder b\u00f6swilligen Handelns seinerseits auftreten.<\/p>\n\n<p>Geistiges Eigentum an den gehosteten Inhalten<\/p>\n\n<p>Die Nutzung von Diensten der ART2LIVE, S.L., die gegen Gesetze zum Schutz des geistigen Eigentums verst\u00f6\u00dft, ist untersagt, insbesondere:<\/p>\n\n<ol class=\"wp-block-list\">\n<li>Jegliche Nutzung, die gegen spanisches Recht verst\u00f6\u00dft oder die Rechte Dritter verletzt.<\/li>\n\n\n\n<li>Die Ver\u00f6ffentlichung oder \u00dcbermittlung von Inhalten, die nach Ansicht von ART2LIVE, S.L. gewaltt\u00e4tig, obsz\u00f6n, beleidigend, illegal, rassistisch, fremdenfeindlich oder verleumderisch sind.<\/li>\n\n\n\n<li>Cracks, Programmseriennummern oder sonstige Inhalte, die die geistigen Eigentumsrechte Dritter verletzen.<\/li>\n\n\n\n<li>Die Erhebung und\/oder Verwendung personenbezogener Daten anderer Nutzer ohne deren ausdr\u00fcckliche Einwilligung oder unter Versto\u00df gegen die Bestimmungen der Verordnung (EU) 2016\/679 des Europ\u00e4ischen Parlaments und des Rates vom 27. April 2016 zum Schutz nat\u00fcrlicher Personen bei der Verarbeitung personenbezogener Daten, zum freien Datenverkehr und zur Regelung des freien Datenverkehrs.<\/li>\n\n\n\n<li>Die Nutzung des Mailservers und der E-Mail-Adressen der Domain zum Versenden unerw\u00fcnschter Massen-E-Mails.<\/li>\n<\/ol>\n\n<p>Der Nutzer tr\u00e4gt die volle Verantwortung f\u00fcr den Inhalt seiner Website, die \u00fcbermittelten und gespeicherten Informationen, Hyperlinks, Anspr\u00fcche Dritter sowie f\u00fcr Rechtsstreitigkeiten im Zusammenhang mit geistigem Eigentum, Rechten Dritter und dem Schutz von Minderj\u00e4hrigen.<\/p>\n\n<p>Der Nutzer ist f\u00fcr die Einhaltung der geltenden Gesetze, Vorschriften und Regeln im Zusammenhang mit dem Betrieb des Online-Dienstes, dem E-Commerce, dem Urheberrecht, der Aufrechterhaltung der \u00f6ffentlichen Ordnung und den allgemeinen Grunds\u00e4tzen der Internetnutzung verantwortlich.<\/p>\n\n<p>Der Nutzer verpflichtet sich, ART2LIVE, S.L. f\u00fcr alle Kosten zu entsch\u00e4digen, die durch die Zurechnung von ART2LIVE, S.L. zu einem Schadenfall entstehen, f\u00fcr den der Nutzer verantwortlich ist, einschlie\u00dflich Geb\u00fchren und Kosten der Rechtsverteidigung, auch im Falle einer nicht rechtskr\u00e4ftigen gerichtlichen Entscheidung.<\/p>\n\n<p>Schutz gehosteter Informationen<\/p>\n\n<p>ART2LIVE, S.L. erstellt Sicherungskopien der auf ihren Servern gehosteten Inhalte, ist jedoch nicht f\u00fcr den Verlust oder die versehentliche L\u00f6schung von Daten durch Benutzer verantwortlich. Ebenso wenig wird die vollst\u00e4ndige Wiederherstellung von Daten garantiert, die von Benutzern gel\u00f6scht wurden, da diese Daten m\u00f6glicherweise in der Zeit seit der letzten Datensicherung gel\u00f6scht und\/oder ver\u00e4ndert wurden.<\/p>\n\n<p>Die angebotenen Dienstleistungen umfassen, mit Ausnahme bestimmter Backup-Dienste, nicht die Wiederherstellung von Inhalten, die in von ART2LIVE, S.L. erstellten Backups gespeichert sind, wenn dieser Verlust dem Benutzer zuzuschreiben ist; in diesem Fall wird eine Geb\u00fchr entsprechend der Komplexit\u00e4t und dem Umfang der Wiederherstellung festgelegt, die stets der vorherigen Zustimmung des Benutzers bedarf.<\/p>\n\n<p>Die Datenwiederherstellung ist nur dann im Servicepreis enthalten, wenn der Datenverlust auf Ursachen zur\u00fcckzuf\u00fchren ist, die ART2LIVE, S.L. zuzuschreiben sind.<\/p>\n\n<p>Kommerzielle Kommunikation<\/p>\n\n<p>in \u00dcbereinstimmung mit dem LSSI. ART2LIVE, S.L. wird keine Werbe- oder Promotionsmitteilungen per E-Mail oder anderen gleichwertigen elektronischen Kommunikationsmitteln versenden, die nicht zuvor angefordert oder von den Empf\u00e4ngern ausdr\u00fccklich genehmigt wurden.<\/p>\n\n<p>Im Falle von Nutzern, mit denen bereits eine vertragliche Beziehung besteht, ist ART2LIVE, S.L. berechtigt, kommerzielle Mitteilungen \u00fcber Produkte oder Dienstleistungen von ART2LIVE, S.L. zu versenden, die denjenigen \u00e4hneln, die der Kunde urspr\u00fcnglich in Auftrag gegeben hat.<\/p>\n\n<p>Nach \u00dcberpr\u00fcfung ihrer Identit\u00e4t kann der Nutzer in jedem Fall beantragen, keine kommerziellen Informationen mehr \u00fcber die Kundendienstkan\u00e4le zu erhalten.<\/p>\n","protected":false},"excerpt":{"rendered":"<p>Rechtliche Hinweise und Datenschutzrichtlinie Gem\u00e4\u00df der Informationspflicht nach Artikel 10 des Gesetzes 34\/2002 vom 11. Juli \u00fcber Dienste der Informationsgesellschaft und des elektronischen Gesch\u00e4ftsverkehrs (LSSICE) informiert Sie der Website-Betreiber \u00fcber Folgendes: Eingetragen im Handelsregister von Madrid in Band 34208, Blatt 57, Abschnitt 8, Blattnummer M-615391, Eintrag 1 Im Rahmen der gesetzlichen Bestimmungen \u00fcbernimmt ART2LIVE, S.L. [&hellip;]<\/p>\n","protected":false},"author":1,"featured_media":0,"parent":0,"menu_order":0,"comment_status":"closed","ping_status":"closed","template":"","meta":{"_acf_changed":false,"footnotes":""},"class_list":["post-124","page","type-page","status-publish","hentry"],"acf":[],"_links":{"self":[{"href":"https:\/\/villasafont.com\/de\/wp-json\/wp\/v2\/pages\/124","targetHints":{"allow":["GET"]}}],"collection":[{"href":"https:\/\/villasafont.com\/de\/wp-json\/wp\/v2\/pages"}],"about":[{"href":"https:\/\/villasafont.com\/de\/wp-json\/wp\/v2\/types\/page"}],"author":[{"embeddable":true,"href":"https:\/\/villasafont.com\/de\/wp-json\/wp\/v2\/users\/1"}],"replies":[{"embeddable":true,"href":"https:\/\/villasafont.com\/de\/wp-json\/wp\/v2\/comments?post=124"}],"version-history":[{"count":3,"href":"https:\/\/villasafont.com\/de\/wp-json\/wp\/v2\/pages\/124\/revisions"}],"predecessor-version":[{"id":136,"href":"https:\/\/villasafont.com\/de\/wp-json\/wp\/v2\/pages\/124\/revisions\/136"}],"wp:attachment":[{"href":"https:\/\/villasafont.com\/de\/wp-json\/wp\/v2\/media?parent=124"}],"curies":[{"name":"wp","href":"https:\/\/api.w.org\/{rel}","templated":true}]}}